{"id":11878,"date":"2021-06-29T15:13:13","date_gmt":"2021-06-29T15:13:13","guid":{"rendered":"http:\/\/12watts.hostingbahia.com.ar\/?page_id=11878"},"modified":"2021-10-26T13:55:15","modified_gmt":"2021-10-26T13:55:15","slug":"taller-claves-de-felicidad-amistad-y-longevidad","status":"publish","type":"page","link":"https:\/\/12watts.hostingbahia.com.ar\/index.php\/taller-claves-de-felicidad-amistad-y-longevidad\/","title":{"rendered":"Taller Online: Claves de Felicidad, amistad y longevidad"},"content":{"rendered":"\n<figure class=\"wp-block-image size-large\"><img loading=\"lazy\" width=\"1024\" height=\"576\" src=\"http:\/\/12watts.hostingbahia.com.ar\/wp-content\/uploads\/2021\/09\/BannerClavesOnline2-1024x576.jpg\" alt=\"\" class=\"wp-image-11919\" srcset=\"https:\/\/12watts.hostingbahia.com.ar\/wp-content\/uploads\/2021\/09\/BannerClavesOnline2-1024x576.jpg 1024w, https:\/\/12watts.hostingbahia.com.ar\/wp-content\/uploads\/2021\/09\/BannerClavesOnline2-300x169.jpg 300w, https:\/\/12watts.hostingbahia.com.ar\/wp-content\/uploads\/2021\/09\/BannerClavesOnline2-768x432.jpg 768w, https:\/\/12watts.hostingbahia.com.ar\/wp-content\/uploads\/2021\/09\/BannerClavesOnline2-1536x864.jpg 1536w, https:\/\/12watts.hostingbahia.com.ar\/wp-content\/uploads\/2021\/09\/BannerClavesOnline2-2048x1152.jpg 2048w\" sizes=\"(max-width: 1024px) 100vw, 1024px\" \/><\/figure>\n\n\n\n<div class=\"wp-block-themeisle-blocks-advanced-columns alignfull has-1-columns has-desktop-equal-layout has-tablet-equal-layout has-mobile-equal-layout has-nogap-gap has-vertical-unset\" id=\"wp-block-themeisle-blocks-advanced-columns-40d3fa99\"><div class=\"wp-block-themeisle-blocks-advanced-columns-overlay\"><\/div><div class=\"innerblocks-wrap\">\n<div class=\"wp-block-themeisle-blocks-advanced-column\" id=\"wp-block-themeisle-blocks-advanced-column-89eb726d\">\n<p id=\"wp-block-themeisle-blocks-advanced-heading-930624df\" class=\"wp-block-themeisle-blocks-advanced-heading wp-block-themeisle-blocks-advanced-heading-930624df\"><strong>Sponsors<\/strong><br>www.QOL.com.ar Cohousnig &#8211; Datalogos.com.ar &#8211; Hostingbahia.com.ar &#8211; Abako &#8211; Duplicenter &#8211; C\u00f3digo Masculino &#8211; Nexus <\/p>\n\n\n\n<div class=\"wp-block-themeisle-blocks-advanced-columns has-4-columns has-desktop-equal-layout has-tablet-twoColumnGrid-layout has-mobile-collapsedRows-layout has-extended-gap has-vertical-unset\" id=\"wp-block-themeisle-blocks-advanced-columns-f9f026cb\"><div class=\"wp-block-themeisle-blocks-advanced-columns-overlay\"><\/div><div class=\"innerblocks-wrap\">\n<div class=\"wp-block-themeisle-blocks-advanced-column\" id=\"wp-block-themeisle-blocks-advanced-column-2a77fe32\">\n<div class=\"wp-block-themeisle-blocks-service\">\n<p class=\"wp-block-themeisle-blocks-font-awesome-icons\" id=\"wp-block-themeisle-blocks-font-awesome-icons-783076ae\"><span class=\"wp-block-themeisle-blocks-font-awesome-icons-container\"><i class=\"far fa-id-card\"><\/i><\/span><\/p>\n\n\n\n<h5 id=\"wp-block-themeisle-blocks-advanced-heading-1463597d\" class=\"wp-block-themeisle-blocks-advanced-heading wp-block-themeisle-blocks-advanced-heading-1463597d\">Felicidad<\/h5>\n\n\n\n<p id=\"wp-block-themeisle-blocks-advanced-heading-47a31aa9\" class=\"wp-block-themeisle-blocks-advanced-heading wp-block-themeisle-blocks-advanced-heading-47a31aa9\">Incorporamos y reforzamos conocimientos desde la neurociencia y desde distintas filosof\u00edas sobre la felicidad. de esta forma vamos creando nuestro propio cuadeno de claves que nos lleven hacia la una mayor felicidad.<\/p>\n<\/div>\n<\/div>\n\n\n\n<div class=\"wp-block-themeisle-blocks-advanced-column\" id=\"wp-block-themeisle-blocks-advanced-column-7e582d92\">\n<div class=\"wp-block-themeisle-blocks-service\">\n<p class=\"wp-block-themeisle-blocks-font-awesome-icons\" id=\"wp-block-themeisle-blocks-font-awesome-icons-56889947\"><span class=\"wp-block-themeisle-blocks-font-awesome-icons-container\"><i class=\"far fa-map\"><\/i><\/span><\/p>\n\n\n\n<h5 id=\"wp-block-themeisle-blocks-advanced-heading-48357cf7\" class=\"wp-block-themeisle-blocks-advanced-heading wp-block-themeisle-blocks-advanced-heading-48357cf7\">Amistad<\/h5>\n\n\n\n<p id=\"wp-block-themeisle-blocks-advanced-heading-7ea5a941\" class=\"wp-block-themeisle-blocks-advanced-heading wp-block-themeisle-blocks-advanced-heading-7ea5a941\">Uno de lo mejores caminos hacia la felicidad es la amistad. Teniendo en cuenta que el ser humano es un ser sociable en este taller, si lo deseamos, encontraremos amistaes, abrazos y nos enriqueceremos del acompa\u00f1amiento de los otros.<\/p>\n<\/div>\n<\/div>\n\n\n\n<div class=\"wp-block-themeisle-blocks-advanced-column\" id=\"wp-block-themeisle-blocks-advanced-column-f78a2b68\">\n<div class=\"wp-block-themeisle-blocks-service\">\n<p class=\"wp-block-themeisle-blocks-font-awesome-icons\" id=\"wp-block-themeisle-blocks-font-awesome-icons-c53ef626\"><span class=\"wp-block-themeisle-blocks-font-awesome-icons-container\"><i class=\"fas fa-camera-retro\"><\/i><\/span><\/p>\n\n\n\n<h5 id=\"wp-block-themeisle-blocks-advanced-heading-51f306f7\" class=\"wp-block-themeisle-blocks-advanced-heading wp-block-themeisle-blocks-advanced-heading-51f306f7\">Longevidad<\/h5>\n\n\n\n<p id=\"wp-block-themeisle-blocks-advanced-heading-82199f0c\" class=\"wp-block-themeisle-blocks-advanced-heading wp-block-themeisle-blocks-advanced-heading-82199f0c\">Analizaremos los nuevos conocimientos que nos brinda la ciencia para incrementar nuestra longevidad, y tambi\u00e9n los que nos aportan las distintas filosof\u00edas milenarias del mundo.<\/p>\n<\/div>\n<\/div>\n\n\n\n<div class=\"wp-block-themeisle-blocks-advanced-column\" id=\"wp-block-themeisle-blocks-advanced-column-769a13cd\">\n<div class=\"wp-block-themeisle-blocks-service\">\n<p class=\"wp-block-themeisle-blocks-font-awesome-icons\" id=\"wp-block-themeisle-blocks-font-awesome-icons-285e16c2\"><span class=\"wp-block-themeisle-blocks-font-awesome-icons-container\"><i class=\"fas fa-tablet-alt\"><\/i><\/span><\/p>\n\n\n\n<h5 id=\"wp-block-themeisle-blocks-advanced-heading-ddd5f687\" class=\"wp-block-themeisle-blocks-advanced-heading wp-block-themeisle-blocks-advanced-heading-ddd5f687\">Alegr\u00eda<\/h5>\n\n\n\n<p id=\"wp-block-themeisle-blocks-advanced-heading-6113e793\" class=\"wp-block-themeisle-blocks-advanced-heading wp-block-themeisle-blocks-advanced-heading-6113e793\">Interactuar entre personas virtuosas, honestas, c\u00e1lidas. Re\u00edr, encontrar nuevos amigos, cuidarnos, sentir mayor bienestar y felicidad,  son algunos de los fines de este taller, \u00a1a disfrutarlo!.<\/p>\n<\/div>\n<\/div>\n<\/div><\/div>\n<\/div>\n<\/div><\/div>\n\n\n\n<p><strong>Sobre el taller: <\/strong><\/p>\n\n\n\n<p>El \u00abTaller Claves de felicidad, amistad y longevidad\u00bb es un hermoso encuentro semanal de dos horas creando lazos de amistad donde se disfruta de la interacci\u00f3n con los otros jugando y conoci\u00e9ndose,  charlando, levando la mente hacia lo positivo, debatiendo sobre enriquecedores temas con el fin de lograr mayor bienestar, tomando conocimientos desde la Inteligencia Emocional, la neurociencia y tambi\u00e9n sobre los conocimientos del bienesta, la felicidad y la longevidad recogidos a lo largo de los tiempos por distintas culturas y fil\u00f3sofos alrededor del mundo, todo ello sumado a las nuevas ideas aportadas por la ciencia y la psicolog\u00eda.<\/p>\n\n\n\n<p>El taller, el cual se han dictado las clases anteriormente en Universidad Tecnologica Nacional Faculta Regional Bah\u00eda Blanca a toda Argentina, invita al autoconocimiento y a establecer nuevos h\u00e1bitos que nos lleven hacia el bienestar, la felicidad y la longevidad. Afianzando a la vez aquellos buenos h\u00e1bitos que ya tenemos incorporados y compartiendo nuestras estrategias con los compa\u00f1eros de taller.<\/p>\n\n\n\n<p>En este taller es abierto a todas las personas mayores de 40 a\u00f1os y la vez cuenta con el valor ageregado de ser \u00ab<strong>el lugar de encuentro para todos aquellos que consideran la forma de vida en un Espacio de Cohousing como una alternativa posible para disfrutar m\u00e1s de la vida\u00bb.<\/strong><\/p>\n\n\n\n<p><strong>D\u00edas:<\/strong> Todos los mi\u00e9rcoles de 17:30hs a 19:30hs.<\/p>\n\n\n\n<p><strong>Comienzo: <\/strong>Puedes comenzar en cualquiera de las cases, ya que est\u00e1n dise\u00f1adas para quepuedas sumarte en cualquier momento, no siendo necesario haber participado de las anteriores clases para disfrutar del taller. Las clases quedaran grabadas para aquellos que deseen ver las clases anteriores.<\/p>\n\n\n\n<p><strong>Cupo m\u00ednimo:<\/strong> Para dar comienzo al taller debe existir un m\u00ednimo de 10 inscriptos.<\/p>\n\n\n\n<p><strong>Duraci\u00f3n del taller:<\/strong> Hasta diciembre. (Luego se analizar\u00e1 junto a los alumnos la posiblidad de continuarlo)<\/p>\n\n\n\n<p><strong>Modalidad: <\/strong>Taller Online por Zoom.  Llegar\u00e1 el enlace de acceso al grupo de whatsapp15 minutos antes de la clase.<\/p>\n\n\n\n<p><strong>Grabaci\u00f3n de las clases:<\/strong> Las clases quedan grabadas para que puedas volver a visualizarlas.<\/p>\n\n\n\n<p><strong>Tarifa mensual: <\/strong>(quellos no interesados en Cohousing y que no posean ning\u00fan beneficio especial deber\u00e1n abonar antes de comenzar a participar).<\/p>\n\n\n\n<p><strong>Todas siguientes tarifas se muestran ya aplicado el descuento especial de mil pesos por participante gracias al aporte de QOL Cohousing. <\/strong><\/p>\n\n\n\n<p>Normal: 1750 pesos. Enlace para realizar el pago <a href=\"https:\/\/mpago.la\/2ZgfRZ9\" data-type=\"URL\" data-id=\"https:\/\/mpago.la\/2ZgfRZ9\" target=\"_blank\" rel=\"noreferrer noopener\">https:\/\/mpago.la\/2ZgfRZ9<\/a><\/p>\n\n\n\n<p>Mayores de 55 a\u00f1os y jubilados: 750 pesos. <a rel=\"noreferrer noopener\" href=\"https:\/\/mpago.la\/2ZgfRZ9\" data-type=\"URL\" data-id=\"https:\/\/mpago.la\/2ZgfRZ9\" target=\"_blank\">https:\/\/mpago.la\/2ZgfRZ9<\/a><\/p>\n\n\n\n<p>Empleados y clientes de empresas y organizaciones Sponsors: Gratis.<\/p>\n\n\n\n<p><strong>Interesados en Cohousing y Miembros de los Grupos Semillas de QOL Cohousing: \u00abGratis\u00bb.<\/strong> <\/p>\n\n\n\n<p>Empleados, clientes y familiares de Inversores de QOL Cohousing: Gratis.<\/p>\n\n\n\n<p><strong>Consultas en general y aviso de pago realizado: <\/strong>Por whatsapp a Mauro Andres (Mau) +542915011021 \/ 2915011021<\/p>\n\n\n\n<p><strong>Sobre el Coach y capacitador Mauro Andr\u00e9s:<\/strong> <a href=\"https:\/\/drive.google.com\/file\/d\/1z2ufVDkfYIkAJFVOTW0jkyzWqeTQdrjt\/view?usp=sharing\">https:\/\/drive.google.com\/file\/d\/1z2ufVDkfYIkAJFVOTW0jkyzWqeTQdrjt\/view?usp=sharing<\/a><\/p>\n\n\n\n<p><strong>Formulario de inscripci\u00f3n: <\/strong><\/p>\n\n\n\n<iframe loading=\"lazy\" src=\"https:\/\/docs.google.com\/forms\/d\/e\/1FAIpQLSdjDrmlFUm-sMNCVijnoU1BwxN-45zuXkInrGM-9sDxIIkkUQ\/viewform?embedded=true\" width=\"640\" height=\"2342\" frameborder=\"0\" marginheight=\"0\" marginwidth=\"0\">Cargando\u2026<\/iframe>\n\n\n\n<p><strong>Contenidos:<\/strong><\/p>\n\n\n\n<p><strong>UNIDAD 1: Felicidad, amistad y bienestar.<\/strong><br>\u00bfQu\u00e9 es la felicidad para m\u00ed y qu\u00e9 es para los otros? Din\u00e1micas y test de conocimiento intrapersonal. Somos seres sociales. La amistad. Debate: Requisitos que re\u00fane la amistad y estrategias para ganar amigos. Empat\u00eda y habilidades sociales. La compasi\u00f3n como camino hacia la felicidad. Creaci\u00f3n de un dec\u00e1logo de la amistad para vivir durante este taller. Visiones modernas de la felicidad desde la psicolog\u00eda, la ciencia y la econom\u00eda. Din\u00e1micas y juegos de integraci\u00f3n.<\/p>\n\n\n\n<p><strong>UNIDAD 2: Inteligencia emocional con base neurocient\u00edfica seg\u00fan el Dr. Daniel Goleman.<\/strong><br>Autorregulaci\u00f3n emocional. Conocimiento en detalle y utilidad de cada emoci\u00f3n primaria. La f\u00f3rmula para dominar el estr\u00e9s. Detecci\u00f3n de las distorsiones cognitivas que nos llevan al malestar y a la infelicidad. La resiliencia. Recursos para aquietar la mente. Din\u00e1micas y juegos de integraci\u00f3n.<\/p>\n\n\n\n<p><strong>UNIDAD 3: Cerebro y Felicidad<\/strong><br>Los neuroqu\u00edmicos de la Felicidad. Creaci\u00f3n de buenos h\u00e1bitos a favor del bienestar personal, la amistad y la felicidad. Debate sobre cu\u00e1les son estos buenos h\u00e1bitos. H\u00e1bitos japoneses para vivir mejor. \u00bfC\u00f3mo alimentamos nuestra mente? \u00bfC\u00f3mo alimentamos nuestro cuerpo? Debate. El sue\u00f1o. El ejercicio f\u00edsico. Nociones b\u00e1sicas de alimentaci\u00f3n consciente. Nociones b\u00e1sicas de alimentaci\u00f3n ayurv\u00e9dica. Din\u00e1micas y juegos de integraci\u00f3n.<\/p>\n\n\n\n<p><strong>UNIDAD 4: La mirada de la Felicidad a lo largo del tiempo.<\/strong><br>Diferentes miradas sobre la felicidad a trav\u00e9s del tiempo para una revisi\u00f3n personal y aplicaci\u00f3n en la vida diaria. S\u00edntesis de las miradas y frases de: Filosof\u00eda Oriental: Lao Tse, Confucio, Mozi, Shang Yang, Mencio, Zhu Xi, Deng Xiaoping. Filosof\u00eda occidental: S\u00f3crates, Plat\u00f3n, Arist\u00f3teles, S\u00e9neca, Epicuro, Epicteto, Zen\u00f3n de Citio, Di\u00f3genes de Sinope, Marco Aurelio, Kant, Schopenhauer, Nietzsche, Spinoza. Mirada cient\u00edfica: Ramon y Cajal. Albert Einstein. Din\u00e1micas y juegos de integraci\u00f3n.<\/p>\n\n\n\n<p><strong>UNIDAD 5: Longevidad.<\/strong><br>\u00bfEs posible frenar el envejecimiento? \u00bfQu\u00e9 estrategias seguimos? Debate. Claves para retrasar el envejecimiento del cerebro. \u00bfCu\u00e1ndo comienza el envejecimiento del cerebro? \u00bfViene el envejecimiento ya programado en nuestro organismo? \u00bfDe qu\u00e9 depende que podamos vivir m\u00e1s o menos a\u00f1os? \u00bfExisten falsas concepciones sobre el envejecimiento del cerebro? Posibles soluciones aportadas por la ciencia. Din\u00e1micas y juegos de integraci\u00f3n.<\/p>\n","protected":false},"excerpt":{"rendered":"<p>Sobre el taller: El \u00abTaller Claves de felicidad, amistad y longevidad\u00bb es un hermoso encuentro semanal de dos horas creando lazos de amistad donde se disfruta de la interacci\u00f3n con los otros jugando y conoci\u00e9ndose, charlando, levando la mente hacia lo positivo, debatiendo sobre enriquecedores temas con el fin de lograr mayor bienestar, tomando conocimientos&hellip;&nbsp;<a href=\"https:\/\/12watts.hostingbahia.com.ar\/index.php\/taller-claves-de-felicidad-amistad-y-longevidad\/\" class=\"\" rel=\"bookmark\">Leer m\u00e1s &raquo;<span class=\"screen-reader-text\">Taller Online: Claves de Felicidad, amistad y longevidad<\/span><\/a><\/p>\n","protected":false},"author":2,"featured_media":0,"parent":0,"menu_order":0,"comment_status":"closed","ping_status":"closed","template":"","meta":{"neve_meta_sidebar":"full-width","neve_meta_container":"","neve_meta_enable_content_width":"on","neve_meta_content_width":100,"neve_meta_title_alignment":"","neve_meta_author_avatar":"","neve_post_elements_order":"","neve_meta_disable_header":"","neve_meta_disable_footer":"","neve_meta_disable_title":"on","_themeisle_gutenberg_block_has_review":false,"jetpack_post_was_ever_published":false},"jetpack_sharing_enabled":true,"jetpack_shortlink":"https:\/\/wp.me\/PapJ5u-35A","_links":{"self":[{"href":"https:\/\/12watts.hostingbahia.com.ar\/index.php\/wp-json\/wp\/v2\/pages\/11878"}],"collection":[{"href":"https:\/\/12watts.hostingbahia.com.ar\/index.php\/wp-json\/wp\/v2\/pages"}],"about":[{"href":"https:\/\/12watts.hostingbahia.com.ar\/index.php\/wp-json\/wp\/v2\/types\/page"}],"author":[{"embeddable":true,"href":"https:\/\/12watts.hostingbahia.com.ar\/index.php\/wp-json\/wp\/v2\/users\/2"}],"replies":[{"embeddable":true,"href":"https:\/\/12watts.hostingbahia.com.ar\/index.php\/wp-json\/wp\/v2\/comments?post=11878"}],"version-history":[{"count":53,"href":"https:\/\/12watts.hostingbahia.com.ar\/index.php\/wp-json\/wp\/v2\/pages\/11878\/revisions"}],"predecessor-version":[{"id":12004,"href":"https:\/\/12watts.hostingbahia.com.ar\/index.php\/wp-json\/wp\/v2\/pages\/11878\/revisions\/12004"}],"wp:attachment":[{"href":"https:\/\/12watts.hostingbahia.com.ar\/index.php\/wp-json\/wp\/v2\/media?parent=11878"}],"curies":[{"name":"wp","href":"https:\/\/api.w.org\/{rel}","templated":true}]}}