{"id":12018,"date":"2021-12-07T13:53:44","date_gmt":"2021-12-07T13:53:44","guid":{"rendered":"http:\/\/12watts.hostingbahia.com.ar\/?page_id=12018"},"modified":"2021-12-07T14:17:39","modified_gmt":"2021-12-07T14:17:39","slug":"descargar-libro-claves-de-felicidad","status":"publish","type":"page","link":"https:\/\/12watts.hostingbahia.com.ar\/index.php\/descargar-libro-claves-de-felicidad\/","title":{"rendered":"Descargar libro Claves de Felicidad"},"content":{"rendered":"\n<section class=\"wp-block-themeisle-blocks-advanced-columns alignfull has-1-columns has-desktop-equal-layout has-tablet-equal-layout has-mobile-equal-layout has-nogap-gap has-vertical-flex-start\" id=\"wp-block-themeisle-blocks-advanced-columns-6013fee3\"><div class=\"wp-block-themeisle-blocks-advanced-columns-overlay\"><\/div><div class=\"innerblocks-wrap\">\n<div class=\"wp-block-themeisle-blocks-advanced-column\" id=\"wp-block-themeisle-blocks-advanced-column-1a42e736\">\n<div id=\"wp-block-themeisle-blocks-advanced-heading-04822d82\" class=\"wp-block-themeisle-blocks-advanced-heading wp-block-themeisle-blocks-advanced-heading-04822d82\"><strong>\u00a1hola!<\/strong><\/div>\n\n\n\n<h2 class=\"has-text-align-center\">\u00a1Nos alegra mucho que est\u00e9s imprimiendo este libro para soltarlo contagiando bienestar y felicidad al mundo!<\/h2>\n\n\n\n<div class=\"wp-container-1 wp-block-buttons is-content-justification-center\">\n<div class=\"wp-block-button is-style-default\"><a class=\"wp-block-button__link\" href=\"https:\/\/drive.google.com\/file\/d\/1d8baCR8fg_k7oJ9BqQb-v1Y9Sw3CIWP7\/view?usp=sharing\">Descargar libro<\/a><\/div>\n<\/div>\n\n\n\n<p class=\"has-text-align-center has-normal-font-size\">S\u00f3lo debes enviarlo a imprimir eligiendo que imprima de ambos lados y luego cortas las hojas al medio.<br>Aqu\u00ed debajo puedes ver un video de como es ideal que quede,<br>en lo posible con tapas acr\u00edlicas transparentes y anillado,<br>\u00f3 imprimieno las tapas en una hoja m\u00e1s dura asi el libro tiene mayor duraci\u00f3n.<br><br>Luego nos gustar\u00eda mucho que compartas una foto de cuando lo est\u00e9s soltado y un comentario en esta fanpage <a rel=\"noreferrer noopener\" href=\"https:\/\/www.facebook.com\/12watts.org\" target=\"_blank\">https:\/\/www.facebook.com\/12watts.org<\/a> o a maurojandres@gmail.com<br><strong>\u00a1Te enviamos un Gran Abrazo y Gracias por hacer algo lindo por el mundo!<\/strong><\/p>\n\n\n\n<figure class=\"wp-block-embed aligncenter is-type-video is-provider-youtube wp-block-embed-youtube wp-embed-aspect-4-3 wp-has-aspect-ratio\"><div class=\"wp-block-embed__wrapper\">\n<div class=\"nv-iframe-embed\"><span class=\"embed-youtube\" style=\"text-align:center; display: block;\"><iframe loading=\"lazy\" class=\"youtube-player\" width=\"1200\" height=\"675\" src=\"https:\/\/www.youtube.com\/embed\/759PSVYcTd0?version=3&#038;rel=1&#038;showsearch=0&#038;showinfo=1&#038;iv_load_policy=1&#038;fs=1&#038;hl=es-ES&#038;autohide=2&#038;wmode=transparent\" allowfullscreen=\"true\" style=\"border:0;\" sandbox=\"allow-scripts allow-same-origin allow-popups allow-presentation\"><\/iframe><\/span><\/div>\n<\/div><\/figure>\n<\/div>\n<\/div><\/section>\n","protected":false},"excerpt":{"rendered":"","protected":false},"author":1,"featured_media":0,"parent":0,"menu_order":0,"comment_status":"closed","ping_status":"closed","template":"","meta":{"neve_meta_sidebar":"full-width","neve_meta_container":"","neve_meta_enable_content_width":"on","neve_meta_content_width":100,"neve_meta_title_alignment":"","neve_meta_author_avatar":"","neve_post_elements_order":"","neve_meta_disable_header":"","neve_meta_disable_footer":"","neve_meta_disable_title":"","_themeisle_gutenberg_block_has_review":false,"jetpack_post_was_ever_published":false},"jetpack_sharing_enabled":true,"jetpack_shortlink":"https:\/\/wp.me\/PapJ5u-37Q","_links":{"self":[{"href":"https:\/\/12watts.hostingbahia.com.ar\/index.php\/wp-json\/wp\/v2\/pages\/12018"}],"collection":[{"href":"https:\/\/12watts.hostingbahia.com.ar\/index.php\/wp-json\/wp\/v2\/pages"}],"about":[{"href":"https:\/\/12watts.hostingbahia.com.ar\/index.php\/wp-json\/wp\/v2\/types\/page"}],"author":[{"embeddable":true,"href":"https:\/\/12watts.hostingbahia.com.ar\/index.php\/wp-json\/wp\/v2\/users\/1"}],"replies":[{"embeddable":true,"href":"https:\/\/12watts.hostingbahia.com.ar\/index.php\/wp-json\/wp\/v2\/comments?post=12018"}],"version-history":[{"count":8,"href":"https:\/\/12watts.hostingbahia.com.ar\/index.php\/wp-json\/wp\/v2\/pages\/12018\/revisions"}],"predecessor-version":[{"id":12029,"href":"https:\/\/12watts.hostingbahia.com.ar\/index.php\/wp-json\/wp\/v2\/pages\/12018\/revisions\/12029"}],"wp:attachment":[{"href":"https:\/\/12watts.hostingbahia.com.ar\/index.php\/wp-json\/wp\/v2\/media?parent=12018"}],"curies":[{"name":"wp","href":"https:\/\/api.w.org\/{rel}","templated":true}]}}